{"id":438,"date":"2022-03-09T19:07:41","date_gmt":"2022-03-09T19:07:41","guid":{"rendered":"http:\/\/bioceanica.ind.br\/?page_id=438"},"modified":"2024-03-21T13:06:31","modified_gmt":"2024-03-21T13:06:31","slug":"produtos","status":"publish","type":"page","link":"https:\/\/bioceanica.ind.br\/index.php\/produtos\/","title":{"rendered":"Produtos"},"content":{"rendered":"\n<div class=\"wp-block-cover is-light\"><span aria-hidden=\"true\" class=\"wp-block-cover__gradient-background has-midnight-gradient-background has-background-dim has-background-gradient\"><\/span><img loading=\"lazy\" decoding=\"async\" width=\"1920\" height=\"1023\" class=\"wp-block-cover__image-background wp-image-19\" alt=\"\" src=\"http:\/\/bioceanica.ind.br\/wp-content\/uploads\/2022\/03\/Beverages-Wine-1920.jpg\" data-object-fit=\"cover\" srcset=\"https:\/\/bioceanica.ind.br\/wp-content\/uploads\/2022\/03\/Beverages-Wine-1920.jpg 1920w, https:\/\/bioceanica.ind.br\/wp-content\/uploads\/2022\/03\/Beverages-Wine-1920-300x160.jpg 300w, https:\/\/bioceanica.ind.br\/wp-content\/uploads\/2022\/03\/Beverages-Wine-1920-1024x546.jpg 1024w, https:\/\/bioceanica.ind.br\/wp-content\/uploads\/2022\/03\/Beverages-Wine-1920-768x409.jpg 768w, https:\/\/bioceanica.ind.br\/wp-content\/uploads\/2022\/03\/Beverages-Wine-1920-1536x818.jpg 1536w\" sizes=\"auto, (max-width: 1920px) 100vw, 1920px\" \/><div class=\"wp-block-cover__inner-container is-layout-flow wp-block-cover-is-layout-flow\">\n<h1 class=\"has-text-align-center has-white-color has-text-color wp-block-heading\">PRODUTOS<\/h1>\n\n\n\n<div class=\"wp-block-columns is-layout-flex wp-container-core-columns-is-layout-1 wp-block-columns-is-layout-flex\">\n<div class=\"wp-block-column is-layout-flow wp-block-column-is-layout-flow\" style=\"flex-basis:25%\"><\/div>\n\n\n\n<div class=\"wp-block-column is-layout-flow wp-block-column-is-layout-flow\" style=\"flex-basis:50%\">\n<p class=\"has-text-align-center has-white-color has-text-color\">Produtos diferenciados e de qualidade para a demanda brasileira.<\/p>\n<\/div>\n\n\n\n<div class=\"wp-block-column is-layout-flow wp-block-column-is-layout-flow\" style=\"flex-basis:25%\"><\/div>\n<\/div>\n\n\n\n<div class=\"wp-block-buttons is-content-justification-center is-layout-flex wp-container-core-buttons-is-layout-1 wp-block-buttons-is-layout-flex\">\n<div class=\"wp-block-button\"><a class=\"wp-block-button__link\" href=\"http:\/\/bioceanica.ind.br\/index.php\/garrafas\/\" style=\"border-radius:100px\">GARRAFAS PARA VINHOS<\/a><\/div>\n\n\n\n<div class=\"wp-block-button\"><a class=\"wp-block-button__link\" href=\"https:\/\/bioceanica.ind.br\/index.php\/garrafas\/\" style=\"border-radius:100px\">GARRAFAS PARA ESPUMANTES<\/a><\/div>\n\n\n\n<div class=\"wp-block-button\"><a class=\"wp-block-button__link\" href=\"https:\/\/bioceanica.ind.br\/index.php\/garrafas\/\" style=\"border-radius:100px\">GARRAFAS PARA AZEITES<\/a><\/div>\n<\/div>\n<\/div><\/div>\n\n\n\n<div class=\"wp-block-columns is-layout-flex wp-container-core-columns-is-layout-2 wp-block-columns-is-layout-flex\">\n<div class=\"wp-block-column is-layout-flow wp-block-column-is-layout-flow\">\n<div style=\"height:100px\" aria-hidden=\"true\" class=\"wp-block-spacer\"><\/div>\n<\/div>\n<\/div>\n\n\n\n<div class=\"wp-block-columns is-layout-flex wp-container-core-columns-is-layout-4 wp-block-columns-is-layout-flex\">\n<div class=\"wp-block-column is-layout-flow wp-block-column-is-layout-flow\">\n<h2 class=\"has-text-align-center wp-block-heading\">Veja nosso <span style=\"color: #0f57fb;\">cat\u00e1logo<\/span><\/h2>\n\n\n\n<h4 class=\"has-text-align-center wp-block-heading\">PRODUTOS<\/h4>\n\n\n\n<div class=\"wp-block-columns is-layout-flex wp-container-core-columns-is-layout-3 wp-block-columns-is-layout-flex\">\n<div class=\"wp-block-column is-layout-flow wp-block-column-is-layout-flow\">\n<figure class=\"wp-block-image size-large is-style-default\"><img loading=\"lazy\" decoding=\"async\" width=\"1024\" height=\"1024\" src=\"http:\/\/bioceanica.ind.br\/wp-content\/uploads\/2022\/03\/cat_garrafa-vinho-14554_13838-1024x1024.png\" alt=\"\" class=\"wp-image-644\" srcset=\"https:\/\/bioceanica.ind.br\/wp-content\/uploads\/2022\/03\/cat_garrafa-vinho-14554_13838-1024x1024.png 1024w, https:\/\/bioceanica.ind.br\/wp-content\/uploads\/2022\/03\/cat_garrafa-vinho-14554_13838-300x300.png 300w, https:\/\/bioceanica.ind.br\/wp-content\/uploads\/2022\/03\/cat_garrafa-vinho-14554_13838-150x150.png 150w, https:\/\/bioceanica.ind.br\/wp-content\/uploads\/2022\/03\/cat_garrafa-vinho-14554_13838-768x768.png 768w, https:\/\/bioceanica.ind.br\/wp-content\/uploads\/2022\/03\/cat_garrafa-vinho-14554_13838-100x100.png 100w, https:\/\/bioceanica.ind.br\/wp-content\/uploads\/2022\/03\/cat_garrafa-vinho-14554_13838.png 1250w\" sizes=\"auto, (max-width: 1024px) 100vw, 1024px\" \/><\/figure>\n\n\n\n<h4 class=\"has-text-align-center wp-block-heading\">Garrafas para Vinhos<\/h4>\n\n\n\n<p class=\"has-text-align-center\">Resist\u00eancia e eleg\u00e2ncia.<\/p>\n<\/div>\n\n\n\n<div class=\"wp-block-column is-layout-flow wp-block-column-is-layout-flow\">\n<figure class=\"wp-block-image size-large\"><img loading=\"lazy\" decoding=\"async\" width=\"1024\" height=\"1024\" src=\"http:\/\/bioceanica.ind.br\/wp-content\/uploads\/2023\/08\/300x300-ESPUMANTE-ANDES-750-ML-PIC-20-10-1024x1024.png\" alt=\"\" class=\"wp-image-1070\" srcset=\"https:\/\/bioceanica.ind.br\/wp-content\/uploads\/2023\/08\/300x300-ESPUMANTE-ANDES-750-ML-PIC-20-10-1024x1024.png 1024w, https:\/\/bioceanica.ind.br\/wp-content\/uploads\/2023\/08\/300x300-ESPUMANTE-ANDES-750-ML-PIC-20-10-300x300.png 300w, https:\/\/bioceanica.ind.br\/wp-content\/uploads\/2023\/08\/300x300-ESPUMANTE-ANDES-750-ML-PIC-20-10-150x150.png 150w, https:\/\/bioceanica.ind.br\/wp-content\/uploads\/2023\/08\/300x300-ESPUMANTE-ANDES-750-ML-PIC-20-10-768x768.png 768w, https:\/\/bioceanica.ind.br\/wp-content\/uploads\/2023\/08\/300x300-ESPUMANTE-ANDES-750-ML-PIC-20-10-100x100.png 100w, https:\/\/bioceanica.ind.br\/wp-content\/uploads\/2023\/08\/300x300-ESPUMANTE-ANDES-750-ML-PIC-20-10.png 1250w\" sizes=\"auto, (max-width: 1024px) 100vw, 1024px\" \/><\/figure>\n\n\n\n<h4 class=\"has-text-align-center wp-block-heading\">Garrafas para Espumantes<\/h4>\n\n\n\n<p class=\"has-text-align-center\">Destaque e robustez.<\/p>\n<\/div>\n\n\n\n<div class=\"wp-block-column is-layout-flow wp-block-column-is-layout-flow\">\n<figure class=\"wp-block-image size-large\"><img loading=\"lazy\" decoding=\"async\" width=\"1024\" height=\"1024\" src=\"http:\/\/bioceanica.ind.br\/wp-content\/uploads\/2022\/03\/cat_garrafa-azeite-17672-1024x1024.png\" alt=\"\" class=\"wp-image-611\" srcset=\"https:\/\/bioceanica.ind.br\/wp-content\/uploads\/2022\/03\/cat_garrafa-azeite-17672-1024x1024.png 1024w, https:\/\/bioceanica.ind.br\/wp-content\/uploads\/2022\/03\/cat_garrafa-azeite-17672-300x300.png 300w, https:\/\/bioceanica.ind.br\/wp-content\/uploads\/2022\/03\/cat_garrafa-azeite-17672-150x150.png 150w, https:\/\/bioceanica.ind.br\/wp-content\/uploads\/2022\/03\/cat_garrafa-azeite-17672-768x768.png 768w, https:\/\/bioceanica.ind.br\/wp-content\/uploads\/2022\/03\/cat_garrafa-azeite-17672-100x100.png 100w, https:\/\/bioceanica.ind.br\/wp-content\/uploads\/2022\/03\/cat_garrafa-azeite-17672.png 1250w\" sizes=\"auto, (max-width: 1024px) 100vw, 1024px\" \/><\/figure>\n\n\n\n<h4 class=\"has-text-align-center wp-block-heading\">Garrafas para Azeites<\/h4>\n\n\n\n<p class=\"has-text-align-center\">Prote\u00e7\u00e3o e qualidade.<\/p>\n<\/div>\n<\/div>\n\n\n\n<div class=\"wp-block-buttons is-content-justification-center is-layout-flex wp-container-core-buttons-is-layout-2 wp-block-buttons-is-layout-flex\">\n<div class=\"wp-block-button\"><a class=\"wp-block-button__link\" href=\"http:\/\/bioceanica.ind.br\/index.php\/todos-os-produtos\/\">Ver mais<\/a><\/div>\n<\/div>\n<\/div>\n<\/div>\n\n\n\n<div style=\"height:100px\" aria-hidden=\"true\" class=\"wp-block-spacer\"><\/div>\n\n\n\n<div class=\"wp-block-columns is-layout-flex wp-container-core-columns-is-layout-5 wp-block-columns-is-layout-flex\">\n<div class=\"wp-block-column is-layout-flow wp-block-column-is-layout-flow\">\n<h2 class=\"has-text-align-center invisivel wp-block-heading\">Produtos em destaque<\/h2>\n\n\n<\/div>\n<\/div>\n\n\n\n<p><\/p>\n","protected":false},"excerpt":{"rendered":"<p>Veja nosso cat\u00e1logo PRODUTOS Garrafas para Vinhos Resist\u00eancia e eleg\u00e2ncia. Garrafas para Espumantes Destaque e robustez. Garrafas para Azeites Prote\u00e7\u00e3o e qualidade. Produtos em destaque<\/p>\n","protected":false},"author":1,"featured_media":0,"parent":0,"menu_order":0,"comment_status":"closed","ping_status":"closed","template":"","meta":{"site-sidebar-layout":"default","site-content-layout":"plain-container","ast-main-header-display":"","ast-hfb-above-header-display":"","ast-hfb-below-header-display":"","ast-hfb-mobile-header-display":"","site-post-title":"disabled","ast-breadcrumbs-content":"","ast-featured-img":"","footer-sml-layout":"","theme-transparent-header-meta":"","adv-header-id-meta":"","stick-header-meta":"","header-above-stick-meta":"","header-main-stick-meta":"","header-below-stick-meta":"","spay_email":"","footnotes":""},"class_list":["post-438","page","type-page","status-publish","hentry"],"_links":{"self":[{"href":"https:\/\/bioceanica.ind.br\/index.php\/wp-json\/wp\/v2\/pages\/438","targetHints":{"allow":["GET"]}}],"collection":[{"href":"https:\/\/bioceanica.ind.br\/index.php\/wp-json\/wp\/v2\/pages"}],"about":[{"href":"https:\/\/bioceanica.ind.br\/index.php\/wp-json\/wp\/v2\/types\/page"}],"author":[{"embeddable":true,"href":"https:\/\/bioceanica.ind.br\/index.php\/wp-json\/wp\/v2\/users\/1"}],"replies":[{"embeddable":true,"href":"https:\/\/bioceanica.ind.br\/index.php\/wp-json\/wp\/v2\/comments?post=438"}],"version-history":[{"count":24,"href":"https:\/\/bioceanica.ind.br\/index.php\/wp-json\/wp\/v2\/pages\/438\/revisions"}],"predecessor-version":[{"id":1118,"href":"https:\/\/bioceanica.ind.br\/index.php\/wp-json\/wp\/v2\/pages\/438\/revisions\/1118"}],"wp:attachment":[{"href":"https:\/\/bioceanica.ind.br\/index.php\/wp-json\/wp\/v2\/media?parent=438"}],"curies":[{"name":"wp","href":"https:\/\/api.w.org\/{rel}","templated":true}]}}